{"id":115,"date":"2018-03-10T20:50:39","date_gmt":"2018-03-10T19:50:39","guid":{"rendered":"https:\/\/atelier-des-lys.fr\/?page_id=115"},"modified":"2023-03-30T18:26:42","modified_gmt":"2023-03-30T16:26:42","slug":"contact","status":"publish","type":"page","link":"https:\/\/atelier-des-lys.fr\/index.php\/contact\/","title":{"rendered":"CONTACT"},"content":{"rendered":"<h5><span style=\"color: #1e73be;\">Pour nous contacter ou nous rendre visite : <\/span><\/h5>\n<h3>Atelier des Lys<br \/>\n15 rue de l&rsquo;Eglise<br \/>\n95510 VETHEUIL<\/h3>\n<p>De 14h00 \u00e0 19h00 &#8211; du Merdredi au Dimanche toute l&rsquo;ann\u00e9e<\/p>\n<hr>\n<ul>\n<li><span style=\"color: #1e73be;\">St\u00e9phane Pierre<br \/>\n<\/span>lsptapisserie@orange.fr<br \/>\n<strong>Mob. :<\/strong> + 33 6 38 42 59 40<br \/>\n<a href=\"http:\/\/www.lsptapisserie-france.com\" target=\"_blank\" rel=\"noopener\">&#8211; http:\/\/www.lsptapisserie-france.com<\/a><\/li>\n<\/ul>\n<p style=\"padding-left: 30px;\">Membre des Artistes et Artisans d&rsquo;Art du PNR du Vexin Fran\u00e7ais<br \/>\n<a href=\"http:\/\/www.pnr-vexin-francais.fr\/fr\/carte-des-activites-touristiques\/bdd\/activite\/526\" target=\"_blank\" rel=\"noopener\">&#8211; Site du Parc Naturel R\u00e9gional du Vexin fran\u00e7ais<\/a><\/p>\n<ul>\n<li><span style=\"color: #1e73be;\">Marc Mayo<br \/>\n<\/span>information@heraldiker.com<br \/>\n<strong>Mob. :<\/strong> +33 6 07 77 50 14<br \/>\n<a href=\"http:\/\/www.heraldiker.com\/pages\/blasons-huile.html\" target=\"_blank\" rel=\"noopener\">www.heraldiker.com<\/a><\/li>\n<\/ul>\n<hr>\n","protected":false},"excerpt":{"rendered":"<p>Pour nous contacter ou nous rendre visite : Atelier des Lys 15 rue de l&rsquo;Eglise 95510 VETHEUIL De 14h00 \u00e0 19h00 &#8211; du Merdredi au Dimanche toute l&rsquo;ann\u00e9e St\u00e9phane Pierre lsptapisserie@orange.fr Mob. : + 33 6 38 42 59 40<\/p>\n","protected":false},"author":1,"featured_media":0,"parent":0,"menu_order":0,"comment_status":"closed","ping_status":"closed","template":"page-templates\/contact.php","meta":{"footnotes":""},"class_list":["post-115","page","type-page","status-publish","hentry"],"_links":{"self":[{"href":"https:\/\/atelier-des-lys.fr\/index.php\/wp-json\/wp\/v2\/pages\/115","targetHints":{"allow":["GET"]}}],"collection":[{"href":"https:\/\/atelier-des-lys.fr\/index.php\/wp-json\/wp\/v2\/pages"}],"about":[{"href":"https:\/\/atelier-des-lys.fr\/index.php\/wp-json\/wp\/v2\/types\/page"}],"author":[{"embeddable":true,"href":"https:\/\/atelier-des-lys.fr\/index.php\/wp-json\/wp\/v2\/users\/1"}],"replies":[{"embeddable":true,"href":"https:\/\/atelier-des-lys.fr\/index.php\/wp-json\/wp\/v2\/comments?post=115"}],"version-history":[{"count":29,"href":"https:\/\/atelier-des-lys.fr\/index.php\/wp-json\/wp\/v2\/pages\/115\/revisions"}],"predecessor-version":[{"id":433,"href":"https:\/\/atelier-des-lys.fr\/index.php\/wp-json\/wp\/v2\/pages\/115\/revisions\/433"}],"wp:attachment":[{"href":"https:\/\/atelier-des-lys.fr\/index.php\/wp-json\/wp\/v2\/media?parent=115"}],"curies":[{"name":"wp","href":"https:\/\/api.w.org\/{rel}","templated":true}]}}