{"id":2,"date":"2018-03-05T22:05:23","date_gmt":"2018-03-05T21:05:23","guid":{"rendered":"https:\/\/atelier-des-lys.fr\/?page_id=2"},"modified":"2023-03-30T18:16:59","modified_gmt":"2023-03-30T16:16:59","slug":"accueil","status":"publish","type":"page","link":"https:\/\/atelier-des-lys.fr\/","title":{"rendered":"Tapisserie &#038; Armoiries"},"content":{"rendered":"<h2><\/h2>\n<h3><strong><span style=\"color: #003e6e;\">PARTEZ A LA RENCONTRE DE NOS 2 ARTISTES<\/span><\/strong><br \/>\n<em><span style=\"color: #003e6e;\">Avec plaisir &amp; passion, ils vous expliqueront leur Art , leur <\/span><span style=\"color: #003e6e;\">d\u00e9marche et l\u2019esprit des diff\u00e9rentes \u0153uvres expos\u00e9es.<\/span><\/em><\/h3>\n<hr>\n<p><a href=\"https:\/\/atelier-des-lys.fr\/index.php\/tapisserie-armoiries-nos-artistes\/\" target=\"_blank\" rel=\"noopener noreferrer\"><img loading=\"lazy\" decoding=\"async\" class=\"alignnone wp-image-244 size-full\" src=\"https:\/\/atelier-des-lys.fr\/wp-content\/uploads\/2018\/03\/TAPISSERIE_navette.jpg\" alt=\"\" width=\"200\" height=\"300\"><\/a><a href=\"https:\/\/atelier-des-lys.fr\/index.php\/tapisserie-armoiries-galerie\/\" target=\"_blank\" rel=\"noopener noreferrer\"><img loading=\"lazy\" decoding=\"async\" class=\"alignnone wp-image-207\" src=\"https:\/\/atelier-des-lys.fr\/wp-content\/uploads\/2018\/03\/giverny2-1-300x300.jpg\" alt=\"\" width=\"230\" height=\"300\"><\/a><a href=\"https:\/\/atelier-des-lys.fr\/index.php\/tapisserie-armoiries-nos-artistes\/\"><img loading=\"lazy\" decoding=\"async\" class=\"alignnone wp-image-244 size-full\" src=\"https:\/\/atelier-des-lys.fr\/wp-content\/uploads\/2018\/03\/TAPISSERIE_navette.jpg\" alt=\"\" width=\"200\" height=\"300\"><\/a><\/p>\n","protected":false},"excerpt":{"rendered":"<p>PARTEZ A LA RENCONTRE DE NOS 2 ARTISTES Avec plaisir &amp; passion, ils vous expliqueront leur Art , leur d\u00e9marche et l\u2019esprit des diff\u00e9rentes \u0153uvres expos\u00e9es.<\/p>\n","protected":false},"author":1,"featured_media":0,"parent":0,"menu_order":0,"comment_status":"closed","ping_status":"closed","template":"page-templates\/contact.php","meta":{"footnotes":""},"class_list":["post-2","page","type-page","status-publish","hentry"],"_links":{"self":[{"href":"https:\/\/atelier-des-lys.fr\/index.php\/wp-json\/wp\/v2\/pages\/2","targetHints":{"allow":["GET"]}}],"collection":[{"href":"https:\/\/atelier-des-lys.fr\/index.php\/wp-json\/wp\/v2\/pages"}],"about":[{"href":"https:\/\/atelier-des-lys.fr\/index.php\/wp-json\/wp\/v2\/types\/page"}],"author":[{"embeddable":true,"href":"https:\/\/atelier-des-lys.fr\/index.php\/wp-json\/wp\/v2\/users\/1"}],"replies":[{"embeddable":true,"href":"https:\/\/atelier-des-lys.fr\/index.php\/wp-json\/wp\/v2\/comments?post=2"}],"version-history":[{"count":30,"href":"https:\/\/atelier-des-lys.fr\/index.php\/wp-json\/wp\/v2\/pages\/2\/revisions"}],"predecessor-version":[{"id":429,"href":"https:\/\/atelier-des-lys.fr\/index.php\/wp-json\/wp\/v2\/pages\/2\/revisions\/429"}],"wp:attachment":[{"href":"https:\/\/atelier-des-lys.fr\/index.php\/wp-json\/wp\/v2\/media?parent=2"}],"curies":[{"name":"wp","href":"https:\/\/api.w.org\/{rel}","templated":true}]}}